{"id":17130,"date":"2024-03-07T09:38:35","date_gmt":"2024-03-07T09:38:35","guid":{"rendered":"https:\/\/folkalbiaix.cat\/qui-som\/"},"modified":"2025-06-19T14:28:13","modified_gmt":"2025-06-19T12:28:13","slug":"quienes-somos","status":"publish","type":"page","link":"https:\/\/folkalbiaix.cat\/es\/quienes-somos\/","title":{"rendered":"Qui\u00e9nes somos"},"content":{"rendered":"\t\t<div data-elementor-type=\"wp-page\" data-elementor-id=\"17130\" class=\"elementor elementor-17130 elementor-16067\" data-elementor-post-type=\"page\">\n\t\t\t\t<div class=\"elementor-element elementor-element-b699bb2 e-con-full e-flex e-con e-parent\" data-id=\"b699bb2\" data-element_type=\"container\">\n\t\t<div class=\"elementor-element elementor-element-9f60266 e-con-full e-flex e-con e-child\" data-id=\"9f60266\" data-element_type=\"container\">\n\t\t\t\t<div class=\"elementor-element elementor-element-76f3399 elementor-widget-tablet__width-inherit elementor-widget elementor-widget-the7-heading\" data-id=\"76f3399\" data-element_type=\"widget\" data-widget_type=\"the7-heading.default\">\n\t\t\t\t<div class=\"elementor-widget-container\">\n\t\t\t\t\t<h3 class=\"the7-heading-title elementor-size-default\">Bienvenidos a Folk en el Biaix, un proyecto vivo que bebe de la cultura<\/h3>\t\t\t\t<\/div>\n\t\t\t\t<\/div>\n\t\t\t\t<div class=\"elementor-element elementor-element-eb87683 elementor-widget-tablet__width-inherit elementor-widget elementor-widget-text-editor\" data-id=\"eb87683\" data-element_type=\"widget\" data-widget_type=\"text-editor.default\">\n\t\t\t\t<div class=\"elementor-widget-container\">\n\t\t\t\t\t\t\t\t\t<p>En Folk al Biaix ponemos al servicio de la cultura nuestra experiencia de m\u00e1s de 10 a\u00f1os en patronaje y confecci\u00f3n. Venimos del mundo de la moda y del trabajo t\u00e9cnico con todo tipo de prendas, pero nos mueve el deseo de hacer crecer proyectos con alma, vinculados a las ra\u00edces ya la identidad colectiva.<\/p><p>Nuestra voluntad es vestir representaciones teatrales, bandadas danzantes y grupos de cultura popular como pandillas de diablos, gigantes y gigantes, cabezudos, bestiario festivo o bailes tradicionales. Tambi\u00e9n confeccionamos vestuario para eventos especiales como cabalgatas de Reyes, comparsas de Carnaval o recreaciones hist\u00f3ricas, siempre buscando el equilibrio entre autenticidad, funcionalidad y creatividad.<\/p>\t\t\t\t\t\t\t\t<\/div>\n\t\t\t\t<\/div>\n\t\t\t\t<\/div>\n\t\t<div class=\"elementor-element elementor-element-ce8f96f e-con-full e-flex e-con e-child\" data-id=\"ce8f96f\" data-element_type=\"container\">\n\t\t\t\t<div class=\"elementor-element elementor-element-fa6a558 content-align-left the7-hover-visibility-disabled preserve-img-ratio-cover transform-overlay-yes exceeding-frame-yes elementor-widget elementor-widget-the7-image-widget\" data-id=\"fa6a558\" data-element_type=\"widget\" data-settings=\"{&quot;hover_visibility&quot;:&quot;disabled&quot;}\" data-widget_type=\"the7-image-widget.default\">\n\t\t\t\t<div class=\"elementor-widget-container\">\n\t\t\t\t\t<div class=\"the7-image-container\"><div class=\"the7-image-wrapper the7-elementor-widget the7-transform-container\"><div class=\"post-thumbnail-rollover layzr-bg img-css-resize-wrapper\"><img fetchpriority=\"high\" decoding=\"async\" width=\"2560\" height=\"1437\" src=\"data:image\/svg+xml,%3Csvg%20xmlns%3D&#039;http%3A%2F%2Fwww.w3.org%2F2000%2Fsvg&#039;%20viewBox%3D&#039;0%200%202560%201437&#039;%2F%3E\" class=\"attachment-full size-full preload-me aspect lazy lazy-load\" alt=\"\" sizes=\"(max-width: 2560px) 100vw, 2560px\" style=\"--ratio: 2560 \/ 1437;\" data-src=\"https:\/\/folkalbiaix.cat\/wp-content\/uploads\/2025\/06\/qui-som-scaled.jpg\" loading=\"eager\" data-srcset=\"https:\/\/folkalbiaix.cat\/wp-content\/uploads\/2025\/06\/qui-som-scaled.jpg 2560w, https:\/\/folkalbiaix.cat\/wp-content\/uploads\/2025\/06\/qui-som-300x168.jpg 300w, https:\/\/folkalbiaix.cat\/wp-content\/uploads\/2025\/06\/qui-som-1024x575.jpg 1024w, https:\/\/folkalbiaix.cat\/wp-content\/uploads\/2025\/06\/qui-som-768x431.jpg 768w, https:\/\/folkalbiaix.cat\/wp-content\/uploads\/2025\/06\/qui-som-1536x862.jpg 1536w, https:\/\/folkalbiaix.cat\/wp-content\/uploads\/2025\/06\/qui-som-2048x1150.jpg 2048w\" \/><\/div><\/div><\/div>\t\t\t\t<\/div>\n\t\t\t\t<\/div>\n\t\t\t\t<\/div>\n\t\t\t\t<\/div>\n\t\t<div class=\"elementor-element elementor-element-9600de1 e-flex e-con-boxed e-con e-parent\" data-id=\"9600de1\" data-element_type=\"container\">\n\t\t\t\t\t<div class=\"e-con-inner\">\n\t\t\t\t<div class=\"elementor-element elementor-element-850f201 elementor-widget elementor-widget-text-editor\" data-id=\"850f201\" data-element_type=\"widget\" data-widget_type=\"text-editor.default\">\n\t\t\t\t<div class=\"elementor-widget-container\">\n\t\t\t\t\t\t\t\t\t<p>Cada encargo es para nosotros una oportunidad para escuchar, entender y traducir una necesidad esc\u00e9nica o cultural en prendas que no s\u00f3lo visten, sino que comunican y transmiten valores. Nos gusta trabajar codo con codo con los grupos y entidades, ofreciendo un servicio cercano, personalizado y respetuoso con la historia y el simbolismo de cada colectivo.<\/p><p>En definitiva, Folk al Biaix somos una apuesta por poner el oficio al servicio de la cultura, dando forma a vestuarios \u00fanicos que acompa\u00f1an y enriquecen las expresiones festivas y tradicionales de nuestro territorio. Con pasi\u00f3n, experiencia y compromiso, queremos ser parte activa de todo lo que mantiene viva nuestra identidad cultural, sum\u00e1ndonos con entusiasmo a la fuerza creativa del mundo popular<\/p>\t\t\t\t\t\t\t\t<\/div>\n\t\t\t\t<\/div>\n\t\t\t\t\t<\/div>\n\t\t\t\t<\/div>\n\t\t\t\t<\/div>\n\t\t","protected":false},"excerpt":{"rendered":"<p>Bienvenidos a Folk en el Biaix, un proyecto vivo que bebe de la cultura En Folk al Biaix ponemos al servicio de la cultura nuestra experiencia de m\u00e1s de 10 a\u00f1os en patronaje y confecci\u00f3n. Venimos del mundo de la moda y del trabajo t\u00e9cnico con todo tipo de prendas, pero nos mueve el deseo&hellip;<\/p>\n","protected":false},"author":1,"featured_media":0,"parent":0,"menu_order":0,"comment_status":"closed","ping_status":"closed","template":"","meta":{"footnotes":""},"class_list":["post-17130","page","type-page","status-publish","hentry"],"_links":{"self":[{"href":"https:\/\/folkalbiaix.cat\/es\/wp-json\/wp\/v2\/pages\/17130","targetHints":{"allow":["GET"]}}],"collection":[{"href":"https:\/\/folkalbiaix.cat\/es\/wp-json\/wp\/v2\/pages"}],"about":[{"href":"https:\/\/folkalbiaix.cat\/es\/wp-json\/wp\/v2\/types\/page"}],"author":[{"embeddable":true,"href":"https:\/\/folkalbiaix.cat\/es\/wp-json\/wp\/v2\/users\/1"}],"replies":[{"embeddable":true,"href":"https:\/\/folkalbiaix.cat\/es\/wp-json\/wp\/v2\/comments?post=17130"}],"version-history":[{"count":4,"href":"https:\/\/folkalbiaix.cat\/es\/wp-json\/wp\/v2\/pages\/17130\/revisions"}],"predecessor-version":[{"id":17160,"href":"https:\/\/folkalbiaix.cat\/es\/wp-json\/wp\/v2\/pages\/17130\/revisions\/17160"}],"wp:attachment":[{"href":"https:\/\/folkalbiaix.cat\/es\/wp-json\/wp\/v2\/media?parent=17130"}],"curies":[{"name":"wp","href":"https:\/\/api.w.org\/{rel}","templated":true}]}}