{"id":17127,"date":"2022-12-14T18:48:48","date_gmt":"2022-12-14T18:48:48","guid":{"rendered":"https:\/\/folkalbiaix.cat\/inici-2\/"},"modified":"2025-06-19T13:32:40","modified_gmt":"2025-06-19T11:32:40","slug":"inici-2","status":"publish","type":"page","link":"https:\/\/folkalbiaix.cat\/es\/","title":{"rendered":"Inicio"},"content":{"rendered":"\t\t<div data-elementor-type=\"wp-page\" data-elementor-id=\"17127\" class=\"elementor elementor-17127 elementor-9728\" data-elementor-post-type=\"page\">\n\t\t\t\t<div class=\"elementor-element elementor-element-a2f586e e-flex e-con-boxed e-con e-parent\" data-id=\"a2f586e\" data-element_type=\"container\" data-settings=\"{&quot;background_background&quot;:&quot;slideshow&quot;,&quot;background_slideshow_gallery&quot;:[{&quot;id&quot;:1217,&quot;url&quot;:&quot;http:\\\/\\\/folkalbiaix.cat\\\/wp-content\\\/uploads\\\/2025\\\/05\\\/Capgrossos-de-Llinars-del-Valles-2.jpg&quot;},{&quot;id&quot;:16336,&quot;url&quot;:&quot;http:\\\/\\\/folkalbiaix.cat\\\/wp-content\\\/uploads\\\/2025\\\/05\\\/diversos.jpg&quot;},{&quot;id&quot;:519,&quot;url&quot;:&quot;http:\\\/\\\/folkalbiaix.cat\\\/wp-content\\\/uploads\\\/2017\\\/06\\\/DSC_9045.jpg&quot;},{&quot;id&quot;:16330,&quot;url&quot;:&quot;http:\\\/\\\/folkalbiaix.cat\\\/wp-content\\\/uploads\\\/2025\\\/05\\\/bestiari.jpg&quot;}],&quot;background_slideshow_slide_duration&quot;:3000,&quot;background_slideshow_transition_duration&quot;:1000,&quot;background_slideshow_loop&quot;:&quot;yes&quot;,&quot;background_slideshow_slide_transition&quot;:&quot;fade&quot;}\">\n\t\t\t\t\t<div class=\"e-con-inner\">\n\t\t<div class=\"elementor-element elementor-element-11cec82 e-con-full e-flex e-con e-child\" data-id=\"11cec82\" data-element_type=\"container\">\n\t\t\t\t<div class=\"elementor-element elementor-element-ab4f23a elementor-widget elementor-widget-heading\" data-id=\"ab4f23a\" data-element_type=\"widget\" data-widget_type=\"heading.default\">\n\t\t\t\t<div class=\"elementor-widget-container\">\n\t\t\t\t\t<h2 class=\"elementor-heading-title elementor-size-default\">Vestimos<br>la cultura<\/h2>\t\t\t\t<\/div>\n\t\t\t\t<\/div>\n\t\t\t\t<div class=\"elementor-element elementor-element-68ae609 elementor-widget-divider--view-line elementor-widget elementor-widget-divider\" data-id=\"68ae609\" data-element_type=\"widget\" data-widget_type=\"divider.default\">\n\t\t\t\t<div class=\"elementor-widget-container\">\n\t\t\t\t\t\t\t<div class=\"elementor-divider\">\n\t\t\t<span class=\"elementor-divider-separator\">\n\t\t\t\t\t\t<\/span>\n\t\t<\/div>\n\t\t\t\t\t\t<\/div>\n\t\t\t\t<\/div>\n\t\t\t\t<div class=\"elementor-element elementor-element-d295bd2 elementor-widget elementor-widget-text-editor\" data-id=\"d295bd2\" data-element_type=\"widget\" data-widget_type=\"text-editor.default\">\n\t\t\t\t<div class=\"elementor-widget-container\">\n\t\t\t\t\t\t\t\t\t<p>En <strong>Folk al Biaix<\/strong> ponemos al servicio de la cultura nuestra experiencia de m\u00e1s de 10 a\u00f1os en patronaje y confecci\u00f3n<\/p>\t\t\t\t\t\t\t\t<\/div>\n\t\t\t\t<\/div>\n\t\t\t\t<\/div>\n\t\t<div class=\"elementor-element elementor-element-bfef527 e-con-full e-flex e-con e-child\" data-id=\"bfef527\" data-element_type=\"container\">\n\t\t\t\t<\/div>\n\t\t\t\t\t<\/div>\n\t\t\t\t<\/div>\n\t\t\t\t<\/div>\n\t\t","protected":false},"excerpt":{"rendered":"<p>Vestimosla cultura En Folk al Biaix ponemos al servicio de la cultura nuestra experiencia de m\u00e1s de 10 a\u00f1os en patronaje y confecci\u00f3n<\/p>\n","protected":false},"author":1,"featured_media":0,"parent":0,"menu_order":1,"comment_status":"closed","ping_status":"closed","template":"elementor_header_footer","meta":{"footnotes":""},"class_list":["post-17127","page","type-page","status-publish","hentry"],"_links":{"self":[{"href":"https:\/\/folkalbiaix.cat\/es\/wp-json\/wp\/v2\/pages\/17127","targetHints":{"allow":["GET"]}}],"collection":[{"href":"https:\/\/folkalbiaix.cat\/es\/wp-json\/wp\/v2\/pages"}],"about":[{"href":"https:\/\/folkalbiaix.cat\/es\/wp-json\/wp\/v2\/types\/page"}],"author":[{"embeddable":true,"href":"https:\/\/folkalbiaix.cat\/es\/wp-json\/wp\/v2\/users\/1"}],"replies":[{"embeddable":true,"href":"https:\/\/folkalbiaix.cat\/es\/wp-json\/wp\/v2\/comments?post=17127"}],"version-history":[{"count":4,"href":"https:\/\/folkalbiaix.cat\/es\/wp-json\/wp\/v2\/pages\/17127\/revisions"}],"predecessor-version":[{"id":17147,"href":"https:\/\/folkalbiaix.cat\/es\/wp-json\/wp\/v2\/pages\/17127\/revisions\/17147"}],"wp:attachment":[{"href":"https:\/\/folkalbiaix.cat\/es\/wp-json\/wp\/v2\/media?parent=17127"}],"curies":[{"name":"wp","href":"https:\/\/api.w.org\/{rel}","templated":true}]}}